{"id":6982,"date":"2017-02-11T16:21:19","date_gmt":"2017-02-11T15:21:19","guid":{"rendered":"http:\/\/www.piah.se\/aspellhome\/?page_id=6982"},"modified":"2021-06-17T11:01:41","modified_gmt":"2021-06-17T09:01:41","slug":"om","status":"publish","type":"page","link":"https:\/\/www.piah.se\/aspellhome\/om\/","title":{"rendered":"Om"},"content":{"rendered":"<p><img loading=\"lazy\" decoding=\"async\" class=\"alignleft wp-image-7894\" src=\"http:\/\/www.piah.se\/aspellhome\/wp-content\/uploads\/2021\/06\/IMG_9882_fix_bw.jpg\" alt=\"Pia\" width=\"368\" height=\"525\" srcset=\"https:\/\/www.piah.se\/aspellhome\/wp-content\/uploads\/2021\/06\/IMG_9882_fix_bw.jpg 850w, https:\/\/www.piah.se\/aspellhome\/wp-content\/uploads\/2021\/06\/IMG_9882_fix_bw-740x1054.jpg 740w\" sizes=\"(max-width: 368px) 100vw, 368px\" \/>V\u00e4lkommen till Aspell Home, min lite mer personliga blogg d\u00e4r jag kanske fr\u00e4mst publicerar mina fotografier och andra grafiska kreationer.<\/p>\n<p>F\u00f6r mig \u00e4r grafisk design, det som f\u00f6r andra kanske \u00e4r att sticka eller brodera. Det \u00e4r ett sorts digitalt handarbete kan man v\u00e4l s\u00e4ga, som yttrar sig i allt fr\u00e5n hemsidor till font design. Under 2008-2020 drev jag mitt f\u00f6retag <em>Format P<\/em>, med inriktningen informationsdesign.<\/p>\n<p>Inuti\u00a0mig samsas\/brottas de alla &#8211; tjejen\/kvinnan\/tanten &#8211; om sitt utrymme. <em>Tjejen<\/em> gillar att spela datorspel (mest PUBG just nu) och st\u00e5 p\u00e5 h\u00e4nder, <em>kvinnan<\/em> \u00e4r den f\u00e5f\u00e4nga och ambiti\u00f6sa, medan <em>tanten<\/em>\u00a0f\u00e5r st\u00e5 f\u00f6r\u00a0det hemk\u00e4ra och bekv\u00e4ma.<\/p>\n<p><img loading=\"lazy\" decoding=\"async\" class=\"wp-image-6727 size-full aligncenter\" src=\"http:\/\/www.piah.se\/aspellhome\/wp-content\/uploads\/2016\/05\/P-e1486826468152.jpg\" width=\"277\" height=\"88\" \/><\/p>\n<p style=\"text-align: center;\">~ Pia ~<\/p>\n","protected":false},"excerpt":{"rendered":"<p>V\u00e4lkommen till Aspell Home, min lite mer personliga blogg d\u00e4r jag kanske fr\u00e4mst publicerar mina fotografier och andra grafiska kreationer. F\u00f6r mig \u00e4r grafisk design, det som f\u00f6r andra kanske \u00e4r att sticka eller brodera. Det \u00e4r ett sorts digitalt handarbete kan man v\u00e4l s\u00e4ga, som yttrar sig i allt fr\u00e5n hemsidor till font design. [&hellip;]<\/p>\n","protected":false},"author":1,"featured_media":0,"parent":0,"menu_order":0,"comment_status":"closed","ping_status":"closed","template":"","meta":{"footnotes":""},"class_list":["post-6982","page","type-page","status-publish","hentry"],"_links":{"self":[{"href":"https:\/\/www.piah.se\/aspellhome\/wp-json\/wp\/v2\/pages\/6982"}],"collection":[{"href":"https:\/\/www.piah.se\/aspellhome\/wp-json\/wp\/v2\/pages"}],"about":[{"href":"https:\/\/www.piah.se\/aspellhome\/wp-json\/wp\/v2\/types\/page"}],"author":[{"embeddable":true,"href":"https:\/\/www.piah.se\/aspellhome\/wp-json\/wp\/v2\/users\/1"}],"replies":[{"embeddable":true,"href":"https:\/\/www.piah.se\/aspellhome\/wp-json\/wp\/v2\/comments?post=6982"}],"version-history":[{"count":10,"href":"https:\/\/www.piah.se\/aspellhome\/wp-json\/wp\/v2\/pages\/6982\/revisions"}],"predecessor-version":[{"id":7897,"href":"https:\/\/www.piah.se\/aspellhome\/wp-json\/wp\/v2\/pages\/6982\/revisions\/7897"}],"wp:attachment":[{"href":"https:\/\/www.piah.se\/aspellhome\/wp-json\/wp\/v2\/media?parent=6982"}],"curies":[{"name":"wp","href":"https:\/\/api.w.org\/{rel}","templated":true}]}}